{"id":37,"date":"2016-03-04T19:42:53","date_gmt":"2016-03-04T19:42:53","guid":{"rendered":"https:\/\/eduk8.net\/?page_id=37"},"modified":"2016-04-20T15:59:51","modified_gmt":"2016-04-20T15:59:51","slug":"keita-olemme","status":"publish","type":"page","link":"https:\/\/eduk8.net\/index.php\/keita-olemme\/","title":{"rendered":"Keit\u00e4 olemme"},"content":{"rendered":"<p>Sukeltajat It\u00e4meren puolesta ry \u2013 on perustettu kes\u00e4ll\u00e4 2015 edist\u00e4m\u00e4\u00e4n <span class=\"null\">It\u00e4meren ja siihen liittyvien vesist\u00f6jen<\/span> suojelua, sukeltajien n\u00e4k\u00f6kulmasta. Yhdistyksen tavoitteena on lis\u00e4t\u00e4 tietoisuutta It\u00e4meren tilasta ja siten pyrki\u00e4 edist\u00e4m\u00e4\u00e4n sen puhtaampaa tulevaisuutta. Yhdistys j\u00e4rjest\u00e4\u00e4 vuosittain Project Aware -tapahtuman, jossa sukeltajat sukeltavat mereen p\u00e4\u00e4tyneit\u00e4 roskia. N\u00e4ill\u00e4 sivuilla tiedotamme tapahtumaan liittyv\u00e4ist\u00e4 asioista ja kerromme miten jokainen voi osallistua It\u00e4meren puhtaamman tulevaisuuden edist\u00e4miseen.<\/p>\n<p>&nbsp;<\/p>\n<p>Sukeltajat It\u00e4meren puolesta ry:n hallitus<\/p>\n<p>Mikael Skrabb<br \/>\npuheenjohtaja<\/p>\n<p>Alex Hornborg<br \/>\nvarapuheenjohtaja<\/p>\n<p>Karolina Rovala<br \/>\nsihteeri<\/p>\n<p>Toni Taskinen<br \/>\nrahastonhoitaja<\/p>\n<p>Nina Viitanen<br \/>\nhallituksen j\u00e4sen<\/p>\n<p>Saat meihin yhteyden Ota yhteytt\u00e4 -sivun lomakkeen kautta.<\/p>\n","protected":false},"excerpt":{"rendered":"<p>Sukeltajat It\u00e4meren puolesta ry \u2013 on perustettu kes\u00e4ll\u00e4 2015 edist\u00e4m\u00e4\u00e4n It\u00e4meren ja siihen liittyvien vesist\u00f6jen suojelua, sukeltajien n\u00e4k\u00f6kulmasta. Yhdistyksen tavoitteena on lis\u00e4t\u00e4 tietoisuutta It\u00e4meren tilasta ja siten pyrki\u00e4 edist\u00e4m\u00e4\u00e4n sen puhtaampaa tulevaisuutta. Yhdistys j\u00e4rjest\u00e4\u00e4 vuosittain Project Aware -tapahtuman, jossa sukeltajat sukeltavat mereen p\u00e4\u00e4tyneit\u00e4 roskia. N\u00e4ill\u00e4 sivuilla tiedotamme tapahtumaan liittyv\u00e4ist\u00e4 asioista ja kerromme miten jokainen voi [&hellip;]<\/p>\n","protected":false},"author":1,"featured_media":0,"parent":0,"menu_order":0,"comment_status":"closed","ping_status":"closed","template":"","meta":{"footnotes":"","_links_to":"","_links_to_target":""},"class_list":["post-37","page","type-page","status-publish","hentry"],"_links":{"self":[{"href":"https:\/\/eduk8.net\/index.php\/wp-json\/wp\/v2\/pages\/37","targetHints":{"allow":["GET"]}}],"collection":[{"href":"https:\/\/eduk8.net\/index.php\/wp-json\/wp\/v2\/pages"}],"about":[{"href":"https:\/\/eduk8.net\/index.php\/wp-json\/wp\/v2\/types\/page"}],"author":[{"embeddable":true,"href":"https:\/\/eduk8.net\/index.php\/wp-json\/wp\/v2\/users\/1"}],"replies":[{"embeddable":true,"href":"https:\/\/eduk8.net\/index.php\/wp-json\/wp\/v2\/comments?post=37"}],"version-history":[{"count":3,"href":"https:\/\/eduk8.net\/index.php\/wp-json\/wp\/v2\/pages\/37\/revisions"}],"predecessor-version":[{"id":73,"href":"https:\/\/eduk8.net\/index.php\/wp-json\/wp\/v2\/pages\/37\/revisions\/73"}],"wp:attachment":[{"href":"https:\/\/eduk8.net\/index.php\/wp-json\/wp\/v2\/media?parent=37"}],"curies":[{"name":"wp","href":"https:\/\/api.w.org\/{rel}","templated":true}]}}