{"id":43,"date":"2016-03-04T19:44:28","date_gmt":"2016-03-04T19:44:28","guid":{"rendered":"https:\/\/eduk8.net\/?page_id=43"},"modified":"2017-09-01T15:56:43","modified_gmt":"2017-09-01T15:56:43","slug":"tapahtumainfo","status":"publish","type":"page","link":"https:\/\/eduk8.net\/index.php\/tapahtumainfo\/","title":{"rendered":"Tapahtumainfo"},"content":{"rendered":"<p>Vuoden 2017 Project Aware -sukellustempaus j\u00e4rjestet\u00e4\u00e4n Helsingiss\u00e4 <strong>Vuosaaren kanavalla lauantaina 2.9.2017 kello 11-15. Tarkka paikka on nimelt\u00e4\u00e4n Sumujen aukio.<br \/>\n<\/strong><\/p>\n<p>Me j\u00e4rjest\u00e4j\u00e4t olemme tapahtumapaikalla n. 9.00 l\u00e4htien asettelemassa telttoja ja opasteita paikoilleen. Meit\u00e4 voi nyk\u00e4ist\u00e4 hihasta, meid\u00e4t tunnistaa turkoosista Project AWARE-paidasta.<\/p>\n<p><strong>Tapahtumapaikka ja siihen liittyv\u00e4t paikat<\/strong><\/p>\n<p><a href=\"https:\/\/eduk8.net\/wp-content\/uploads\/2017\/08\/AWARE-kartta.jpg\"><img loading=\"lazy\" decoding=\"async\" class=\"alignleft wp-image-288\" src=\"https:\/\/eduk8.net\/wp-content\/uploads\/2017\/08\/AWARE-kartta-248x300.jpg\" alt=\"\" width=\"309\" height=\"374\" srcset=\"https:\/\/eduk8.net\/wp-content\/uploads\/2017\/08\/AWARE-kartta-248x300.jpg 248w, https:\/\/eduk8.net\/wp-content\/uploads\/2017\/08\/AWARE-kartta-768x929.jpg 768w, https:\/\/eduk8.net\/wp-content\/uploads\/2017\/08\/AWARE-kartta-847x1024.jpg 847w, https:\/\/eduk8.net\/wp-content\/uploads\/2017\/08\/AWARE-kartta-732x885.jpg 732w, https:\/\/eduk8.net\/wp-content\/uploads\/2017\/08\/AWARE-kartta-1140x1379.jpg 1140w\" sizes=\"auto, (max-width: 309px) 100vw, 309px\" \/><\/a><\/p>\n<p>&nbsp;<\/p>\n<p>&nbsp;<\/p>\n<p>&nbsp;<\/p>\n<p>&nbsp;<\/p>\n<p>&nbsp;<\/p>\n<p>&nbsp;<\/p>\n<p>&nbsp;<\/p>\n<p>&nbsp;<\/p>\n<p>&nbsp;<\/p>\n<p>&nbsp;<\/p>\n<p>&nbsp;<\/p>\n<p>&nbsp;<\/p>\n<p>&nbsp;<\/p>\n<p>&nbsp;<\/p>\n<p><strong>Sukeltajille<br \/>\n<\/strong>Tapahtuma alkaa klo 11.00 ja t\u00e4m\u00e4n j\u00e4lkeen saa menn\u00e4 veteen.Veteen ei p\u00e4\u00e4se en\u00e4\u00e4 14.30 j\u00e4lkeen, jotta kaikki ovat varmasti poissa klo 15.00.Pid\u00e4mme kirjaa sukeltajista ja briiffaamme veteenmenij\u00e4t turvallisuusseikoista paikan p\u00e4\u00e4ll\u00e4. Tullessasi autolla paikalle, voit halutessasi j\u00e4tt\u00e4\u00e4 varusteesi infoteltalle odottamaan siksi aikaa kun parkkeeraat auton. Parkkipaikkoja l\u00f6ytyy tien varresta sek\u00e4 \u00a0kahvila Kampelan edustalta.<\/p>\n<p>Sukellusalue on kahden sillan v\u00e4liss\u00e4 oleva alue, sen edemm\u00e4ksi merta ei saa menn\u00e4, sill\u00e4 siell\u00e4 on jo veneilij\u00f6it\u00e4. Me olemme varanneet sukeltajille roskienkeruus\u00e4kkej\u00e4 lainattavaksi. Rantajoukot ottavat vastaan roskia rappusilla.<\/p>\n<p>Paikalla on my\u00f6s K\u00e4pyl\u00e4n VPK:n paloauto, joka huuhtoo varusteesi puhtaaksi tullessasi vedest\u00e4. T\u00e4m\u00e4 tosin sill\u00e4 varauksella, ettei heill\u00e4 ole h\u00e4lytysajoa.<\/p>\n<p><strong>Rantajoukoille<br \/>\n<\/strong>Pinta-avustajilla kannattaa olla keng\u00e4t, joilla on hyv\u00e4 liikkua portaita ja jotka eiv\u00e4t ole arat likaantumiselle. Tarjoamme suojak\u00e4sineit\u00e4 ja roskienkeruutikkuja k\u00e4sien suojaamiseksi. Avustajat rappusilla ottavat vastaan roskia sukeltajilta ja viev\u00e4t ne Tikelle rappusten yl\u00e4p\u00e4\u00e4h\u00e4n taideteokseen lis\u00e4tt\u00e4v\u00e4ksi. Ennen lis\u00e4yst\u00e4 toiset teist\u00e4 avustajista kirjaavat roskat luetteloon kansainv\u00e4liseen datapohjaan lis\u00e4tt\u00e4v\u00e4ksi.<\/p>\n<p><strong>Ilmoittautuminen<\/strong><br \/>\n<a href=\"https:\/\/docs.google.com\/forms\/d\/e\/1FAIpQLSfah4UlEMs0BPdRFThhwpd9PatcLAwEm9bbgl5bHn3ag36PcQ\/viewform\" target=\"_blank\" rel=\"noopener noreferrer\">Ilmoittautumislomake<\/a><br \/>\nIlmoittautuminen ei ole pakkollista. Toivomme kuitenkin, ett\u00e4 mahdollisimman moni ilmoittautuisi ennakkoon j\u00e4rjestelyiden sujuvoittamiseksi.<\/p>\n<p><strong>Sukellusvarusteet<\/strong><em><br \/>\n<\/em>Paikanp\u00e4\u00e4ll\u00e4 ei ole saatavana vuokravarusteita eik\u00e4 tankkeja. Eli varusteet omasta takaa tai etuk\u00e4teen vuokraus.<\/p>\n<p>Seuraavat sukellusliikkeet tarjoavat tapahtumaan <strong>etuk\u00e4teen ilmoittautuville <\/strong>ilmant\u00e4yt\u00f6t veloituksetta sek\u00e4 vuokravarusteista alennusta. Tiedustelut ja varaukset suoraan heilt\u00e4.<\/p>\n<p>Sea Safety, Mannerheimintie 17, 00250 Helsinki, <a href=\"mailto:diving@seasafety.net\">diving@seasafety.net<\/a><\/p>\n<p>Sukelluskoulu Aalto\/Varuste.net, Ruosilankuja 3, 00390 Helsinki, info@sukelluskouluaalto.fi\u00a0 \/ <a href=\"mailto:info@varuste.net\">info@varuste.net<\/a><\/p>\n<p>Jos haluat ilmaisen ilmant\u00e4yt\u00f6n tai vuokrata sukellusvarusteet, vaaditaan ilmoittautuminen etuk\u00e4teen. Ilmoittautuminen viimeist\u00e4\u00e4n 26.8.2017.<\/p>\n","protected":false},"excerpt":{"rendered":"<p>Vuoden 2017 Project Aware -sukellustempaus j\u00e4rjestet\u00e4\u00e4n Helsingiss\u00e4 Vuosaaren kanavalla lauantaina 2.9.2017 kello 11-15. Tarkka paikka on nimelt\u00e4\u00e4n Sumujen aukio. Me j\u00e4rjest\u00e4j\u00e4t olemme tapahtumapaikalla n. 9.00 l\u00e4htien asettelemassa telttoja ja opasteita paikoilleen. Meit\u00e4 voi nyk\u00e4ist\u00e4 hihasta, meid\u00e4t tunnistaa turkoosista Project AWARE-paidasta. Tapahtumapaikka ja siihen liittyv\u00e4t paikat &nbsp; &nbsp; &nbsp; &nbsp; &nbsp; &nbsp; &nbsp; &nbsp; &nbsp; &nbsp; [&hellip;]<\/p>\n","protected":false},"author":1,"featured_media":0,"parent":0,"menu_order":0,"comment_status":"closed","ping_status":"closed","template":"","meta":{"footnotes":"","_links_to":"","_links_to_target":""},"class_list":["post-43","page","type-page","status-publish","hentry"],"_links":{"self":[{"href":"https:\/\/eduk8.net\/index.php\/wp-json\/wp\/v2\/pages\/43","targetHints":{"allow":["GET"]}}],"collection":[{"href":"https:\/\/eduk8.net\/index.php\/wp-json\/wp\/v2\/pages"}],"about":[{"href":"https:\/\/eduk8.net\/index.php\/wp-json\/wp\/v2\/types\/page"}],"author":[{"embeddable":true,"href":"https:\/\/eduk8.net\/index.php\/wp-json\/wp\/v2\/users\/1"}],"replies":[{"embeddable":true,"href":"https:\/\/eduk8.net\/index.php\/wp-json\/wp\/v2\/comments?post=43"}],"version-history":[{"count":38,"href":"https:\/\/eduk8.net\/index.php\/wp-json\/wp\/v2\/pages\/43\/revisions"}],"predecessor-version":[{"id":301,"href":"https:\/\/eduk8.net\/index.php\/wp-json\/wp\/v2\/pages\/43\/revisions\/301"}],"wp:attachment":[{"href":"https:\/\/eduk8.net\/index.php\/wp-json\/wp\/v2\/media?parent=43"}],"curies":[{"name":"wp","href":"https:\/\/api.w.org\/{rel}","templated":true}]}}